{"id":3938,"date":"2021-04-26T10:13:49","date_gmt":"2021-04-26T08:13:49","guid":{"rendered":"https:\/\/projet.mairie-curienne.fr\/?page_id=3938"},"modified":"2021-04-26T10:24:42","modified_gmt":"2021-04-26T08:24:42","slug":"pacs","status":"publish","type":"page","link":"https:\/\/mairie-curienne.fr\/index.php\/pacs\/","title":{"rendered":"PACS"},"content":{"rendered":"\t\t<div data-elementor-type=\"wp-page\" data-elementor-id=\"3938\" class=\"elementor elementor-3938\">\n\t\t\t\t\t\t<div class=\"elementor-inner\">\n\t\t\t\t<div class=\"elementor-section-wrap\">\n\t\t\t\t\t\t\t\t\t<section class=\"elementor-section elementor-top-section elementor-element elementor-element-757f0b4 elementor-section-boxed elementor-section-height-default elementor-section-height-default\" data-id=\"757f0b4\" data-element_type=\"section\">\n\t\t\t\t\t\t<div class=\"elementor-container elementor-column-gap-default\">\n\t\t\t\t\t\t\t<div class=\"elementor-row\">\n\t\t\t\t\t<div class=\"elementor-column elementor-col-100 elementor-top-column elementor-element elementor-element-de4a957\" data-id=\"de4a957\" data-element_type=\"column\">\n\t\t\t<div class=\"elementor-column-wrap elementor-element-populated\">\n\t\t\t\t\t\t\t<div class=\"elementor-widget-wrap\">\n\t\t\t\t\t\t<div class=\"elementor-element elementor-element-912fc67 elementor-widget elementor-widget-heading\" data-id=\"912fc67\" data-element_type=\"widget\" data-widget_type=\"heading.default\">\n\t\t\t\t<div class=\"elementor-widget-container\">\n\t\t\t<h2 class=\"elementor-heading-title elementor-size-default\">De quoi s'agit-il ?<\/h2>\t\t<\/div>\n\t\t\t\t<\/div>\n\t\t\t\t<div class=\"elementor-element elementor-element-0c80fe8 elementor-widget elementor-widget-text-editor\" data-id=\"0c80fe8\" data-element_type=\"widget\" data-widget_type=\"text-editor.default\">\n\t\t\t\t<div class=\"elementor-widget-container\">\n\t\t\t\t\t\t\t\t<div class=\"elementor-text-editor elementor-clearfix\">\n\t\t\t\t<p class=\"western\">Le Pacte Civil de Solidarit\u00e9 (PACS) est un contrat conclu par deux personnes physiques majeures, de sexes diff\u00e9rents ou de m\u00eame sexe, pour organiser leur vie commune. (art.515-1 du code civil).<\/p><p class=\"western\">Pour pouvoir le conclure, les partenaires doivent remplir certaines conditions et r\u00e9diger une convention (art.515-3 du code civil). Ils doivent ensuite la faire enregistrer soit aupr\u00e8s d&rsquo;un officier d&rsquo;\u00e9tat civil soit aupr\u00e8s d&rsquo;un Notaire, en fournissant certains papiers.<\/p>\t\t\t\t\t<\/div>\n\t\t\t\t\t\t<\/div>\n\t\t\t\t<\/div>\n\t\t\t\t<div class=\"elementor-element elementor-element-729e67d elementor-widget elementor-widget-heading\" data-id=\"729e67d\" data-element_type=\"widget\" data-widget_type=\"heading.default\">\n\t\t\t\t<div class=\"elementor-widget-container\">\n\t\t\t<h2 class=\"elementor-heading-title elementor-size-default\">Qui peut conclure un Pacs ?<\/h2>\t\t<\/div>\n\t\t\t\t<\/div>\n\t\t\t\t<div class=\"elementor-element elementor-element-9ed823c elementor-widget elementor-widget-text-editor\" data-id=\"9ed823c\" data-element_type=\"widget\" data-widget_type=\"text-editor.default\">\n\t\t\t\t<div class=\"elementor-widget-container\">\n\t\t\t\t\t\t\t\t<div class=\"elementor-text-editor elementor-clearfix\">\n\t\t\t\t<p>Les futurs partenaires :<\/p><ul><li><strong>Doivent<\/strong> \u00eatre majeurs<\/li><li><strong>Doivent<\/strong> \u00eatre juridiquement capables, (mais un majeur sous curatelle ou tutelle peut se pacser sous conditions)<\/li><li>Peuvent \u00eatre fran\u00e7ais ou \u00e9trangers<\/li><li><strong>Ne doivent pas<\/strong> \u00eatre d\u00e9j\u00e0 mari\u00e9s ou pacs\u00e9s<\/li><li><strong>Ne doivent pas<\/strong> avoir entre eux de liens familiaux directs.<\/li><\/ul>\t\t\t\t\t<\/div>\n\t\t\t\t\t\t<\/div>\n\t\t\t\t<\/div>\n\t\t\t\t<div class=\"elementor-element elementor-element-b92cf24 elementor-widget elementor-widget-heading\" data-id=\"b92cf24\" data-element_type=\"widget\" data-widget_type=\"heading.default\">\n\t\t\t\t<div class=\"elementor-widget-container\">\n\t\t\t<h2 class=\"elementor-heading-title elementor-size-default\">O\u00f9 faire la d\u00e9marche ?<\/h2>\t\t<\/div>\n\t\t\t\t<\/div>\n\t\t\t\t<div class=\"elementor-element elementor-element-e9172a8 elementor-widget elementor-widget-text-editor\" data-id=\"e9172a8\" data-element_type=\"widget\" data-widget_type=\"text-editor.default\">\n\t\t\t\t<div class=\"elementor-widget-container\">\n\t\t\t\t\t\t\t\t<div class=\"elementor-text-editor elementor-clearfix\">\n\t\t\t\t<p>Pour faire enregistrer leur d\u00e9claration conjointe de Pacs, les partenaires qui ont leur r\u00e9sidence commune en France doivent s&rsquo;adresser :<\/p><ul><li>Soit \u00e0 la mairie de leur domicile commun<\/li><li>Soit chez un notaire.<\/li><\/ul><p>Pour plus de pr\u00e9cisions sur les effets du Pacs (droits sociaux, cons\u00e9quences fiscales, cons\u00e9quences patrimoniales etc&#8230;), veuillez consulter le site :<\/p><p><a href=\"https:\/\/www.service-public.fr\/\">https:\/\/www.service-public.fr\/<\/a><\/p><p>Ou vous adresser \u00e0 la maison de Justice et du Droit de Chamb\u00e9ry ou des permanences gratuites ont \u00e9t\u00e9 mises en place :<\/p><p><strong>28 place du Forum<\/strong><br \/><strong>73000 Les Hauts de Chamb\u00e9ry<\/strong><\/p>\t\t\t\t\t<\/div>\n\t\t\t\t\t\t<\/div>\n\t\t\t\t<\/div>\n\t\t\t\t<div class=\"elementor-element elementor-element-e2b2b71 elementor-widget-tablet__width-inherit elementor-widget elementor-widget-ova_contact_info\" data-id=\"e2b2b71\" data-element_type=\"widget\" data-widget_type=\"ova_contact_info.default\">\n\t\t\t\t<div class=\"elementor-widget-container\">\n\t\t\t\t\t<div class=\"ova-contact-info type1\">\n\n\t\t\t<div class=\"icon\">\n\t\t\t\t<i class=\"fas fa-phone\"><\/i>\t\t\t<\/div>\n\n\t\t\t\t\t\t\t<div class=\"address\">\n\t\t\t\t\t\t\t\t\t\t\t\t\t\t\t<span class=\"text_link\"><a href='tel:+334 79 72 38 37'>T\u00e9l\u00e9phone : <span>04 79 72 38 37<\/span><\/a><\/span>\n\t\t\t\t<\/div>\n\t\t\t\t\t\t\n\t\t<\/div>\n\t\t\t\t<\/div>\n\t\t\t\t<\/div>\n\t\t\t\t<div class=\"elementor-element elementor-element-47e4fa2 elementor-widget elementor-widget-heading\" data-id=\"47e4fa2\" data-element_type=\"widget\" data-widget_type=\"heading.default\">\n\t\t\t\t<div class=\"elementor-widget-container\">\n\t\t\t<h2 class=\"elementor-heading-title elementor-size-default\">Les formalit\u00e9s pour enregistrer le PACS<\/h2>\t\t<\/div>\n\t\t\t\t<\/div>\n\t\t\t\t<div class=\"elementor-element elementor-element-4bcef7c elementor-widget elementor-widget-text-editor\" data-id=\"4bcef7c\" data-element_type=\"widget\" data-widget_type=\"text-editor.default\">\n\t\t\t\t<div class=\"elementor-widget-container\">\n\t\t\t\t\t\t\t\t<div class=\"elementor-text-editor elementor-clearfix\">\n\t\t\t\t<p>Bien vouloir lire attentivement la notice avant de remplir les formulaires suivants :<\/p><ul><li><a href=\"https:\/\/www.formulaires.service-public.fr\/gf\/getNotice.do?cerfaNotice=52176&amp;cerfaFormulaire=15725\">La notice explicative de d\u00e9claration<\/a><\/li><\/ul><p>Dans tous les cas, les int\u00e9ress\u00e9s devront fournir :<\/p><ul><li>Le formulaire de d\u00e9claration conjointe d&rsquo;un Pacs.<\/li><li>La convention type de Pacs, si vous avez opt\u00e9 pour elle ou votre propre convention de Pacs.<\/li><li>La liste des pi\u00e8ces \u00e0 d\u00e9poser \u00e0 l&rsquo;officier d&rsquo;\u00e9tat civil.<\/li><\/ul>\t\t\t\t\t<\/div>\n\t\t\t\t\t\t<\/div>\n\t\t\t\t<\/div>\n\t\t\t\t\t\t<\/div>\n\t\t\t\t\t<\/div>\n\t\t<\/div>\n\t\t\t\t\t\t\t\t<\/div>\n\t\t\t\t\t<\/div>\n\t\t<\/section>\n\t\t\t\t\t\t\t\t\t<\/div>\n\t\t\t<\/div>\n\t\t\t\t\t<\/div>\n\t\t","protected":false},"excerpt":{"rendered":"<p>De quoi s&rsquo;agit-il ? Le Pacte Civil de Solidarit\u00e9 (PACS) est un contrat conclu par deux personnes physiques majeures, de sexes diff\u00e9rents ou de m\u00eame sexe, pour organiser leur vie commune. (art.515-1 du code civil). Pour pouvoir le conclure, les partenaires doivent remplir certaines conditions et r\u00e9diger une convention (art.515-3 du code civil). Ils doivent [&hellip;]<\/p>\n","protected":false},"author":2,"featured_media":0,"parent":0,"menu_order":0,"comment_status":"closed","ping_status":"closed","template":"","meta":[],"_links":{"self":[{"href":"https:\/\/mairie-curienne.fr\/index.php\/wp-json\/wp\/v2\/pages\/3938"}],"collection":[{"href":"https:\/\/mairie-curienne.fr\/index.php\/wp-json\/wp\/v2\/pages"}],"about":[{"href":"https:\/\/mairie-curienne.fr\/index.php\/wp-json\/wp\/v2\/types\/page"}],"author":[{"embeddable":true,"href":"https:\/\/mairie-curienne.fr\/index.php\/wp-json\/wp\/v2\/users\/2"}],"replies":[{"embeddable":true,"href":"https:\/\/mairie-curienne.fr\/index.php\/wp-json\/wp\/v2\/comments?post=3938"}],"version-history":[{"count":16,"href":"https:\/\/mairie-curienne.fr\/index.php\/wp-json\/wp\/v2\/pages\/3938\/revisions"}],"predecessor-version":[{"id":3954,"href":"https:\/\/mairie-curienne.fr\/index.php\/wp-json\/wp\/v2\/pages\/3938\/revisions\/3954"}],"wp:attachment":[{"href":"https:\/\/mairie-curienne.fr\/index.php\/wp-json\/wp\/v2\/media?parent=3938"}],"curies":[{"name":"wp","href":"https:\/\/api.w.org\/{rel}","templated":true}]}}