{"id":3924,"date":"2021-04-26T10:03:21","date_gmt":"2021-04-26T08:03:21","guid":{"rendered":"https:\/\/projet.mairie-curienne.fr\/?page_id=3924"},"modified":"2021-04-26T17:03:06","modified_gmt":"2021-04-26T15:03:06","slug":"bapteme-civil","status":"publish","type":"page","link":"https:\/\/mairie-curienne.fr\/index.php\/bapteme-civil\/","title":{"rendered":"Bapt\u00eame civil"},"content":{"rendered":"\t\t<div data-elementor-type=\"wp-page\" data-elementor-id=\"3924\" class=\"elementor elementor-3924\">\n\t\t\t\t\t\t<div class=\"elementor-inner\">\n\t\t\t\t<div class=\"elementor-section-wrap\">\n\t\t\t\t\t\t\t\t\t<section class=\"elementor-section elementor-top-section elementor-element elementor-element-0021b33 elementor-section-boxed elementor-section-height-default elementor-section-height-default\" data-id=\"0021b33\" data-element_type=\"section\">\n\t\t\t\t\t\t<div class=\"elementor-container elementor-column-gap-default\">\n\t\t\t\t\t\t\t<div class=\"elementor-row\">\n\t\t\t\t\t<div class=\"elementor-column elementor-col-100 elementor-top-column elementor-element elementor-element-d60af63\" data-id=\"d60af63\" data-element_type=\"column\">\n\t\t\t<div class=\"elementor-column-wrap elementor-element-populated\">\n\t\t\t\t\t\t\t<div class=\"elementor-widget-wrap\">\n\t\t\t\t\t\t<div class=\"elementor-element elementor-element-df0d6d1 elementor-widget elementor-widget-text-editor\" data-id=\"df0d6d1\" data-element_type=\"widget\" data-widget_type=\"text-editor.default\">\n\t\t\t\t<div class=\"elementor-widget-container\">\n\t\t\t\t\t\t\t\t<div class=\"elementor-text-editor elementor-clearfix\">\n\t\t\t\t<p>Le bapt\u00eame civil se pratique \u00e0 la mairie. Toutefois, comme il n&rsquo;a pas de valeur l\u00e9gale, les mairies ne sont pas oblig\u00e9es de le c\u00e9l\u00e9brer et il n&rsquo;y a pas de c\u00e9r\u00e9monial pr\u00e9\u00e9tabli.<\/p>\t\t\t\t\t<\/div>\n\t\t\t\t\t\t<\/div>\n\t\t\t\t<\/div>\n\t\t\t\t<div class=\"elementor-element elementor-element-2332a4d elementor-widget elementor-widget-heading\" data-id=\"2332a4d\" data-element_type=\"widget\" data-widget_type=\"heading.default\">\n\t\t\t\t<div class=\"elementor-widget-container\">\n\t\t\t<h2 class=\"elementor-heading-title elementor-size-default\">De quoi s'agit-il ?<\/h2>\t\t<\/div>\n\t\t\t\t<\/div>\n\t\t\t\t<div class=\"elementor-element elementor-element-cdc57b8 elementor-widget elementor-widget-text-editor\" data-id=\"cdc57b8\" data-element_type=\"widget\" data-widget_type=\"text-editor.default\">\n\t\t\t\t<div class=\"elementor-widget-container\">\n\t\t\t\t\t\t\t\t<div class=\"elementor-text-editor elementor-clearfix\">\n\t\t\t\t<p>Le bapt\u00eame civil n&rsquo;est pr\u00e9vu par aucun texte.\u00a0<\/p><p><strong>Ce qu&rsquo;il est :<\/strong><\/p><ul><li>Un engagement symbolique des parrains et marraines \u00e0 suppl\u00e9er les parents en cas de d\u00e9faillance ou de disparition.<\/li><li>Un engagement moral important des parrains et marraines vis-\u00e0-vis du filleul.<\/li><\/ul><p><strong>Ce qu&rsquo;il n&rsquo;est pas :<\/strong><\/p><ul><li>Un acte d&rsquo;\u00e9tat civil (n&rsquo;est donc pas inscrit dans les registres de l&rsquo;\u00e9tat civil).<\/li><li>Un document contractuel (acte ne poss\u00e9dant aucune valeur juridique).<\/li><\/ul>\t\t\t\t\t<\/div>\n\t\t\t\t\t\t<\/div>\n\t\t\t\t<\/div>\n\t\t\t\t<div class=\"elementor-element elementor-element-87a76aa elementor-widget elementor-widget-heading\" data-id=\"87a76aa\" data-element_type=\"widget\" data-widget_type=\"heading.default\">\n\t\t\t\t<div class=\"elementor-widget-container\">\n\t\t\t<h2 class=\"elementor-heading-title elementor-size-default\">Modalit\u00e9s pratiques<\/h2>\t\t<\/div>\n\t\t\t\t<\/div>\n\t\t\t\t<div class=\"elementor-element elementor-element-08172ca elementor-widget elementor-widget-text-editor\" data-id=\"08172ca\" data-element_type=\"widget\" data-widget_type=\"text-editor.default\">\n\t\t\t\t<div class=\"elementor-widget-container\">\n\t\t\t\t\t\t\t\t<div class=\"elementor-text-editor elementor-clearfix\">\n\t\t\t\t<p>\u00c0 Curienne, Monsieur le Maire proc\u00e8de \u00e0 cette c\u00e9r\u00e9monie uniquement pour les Curiennais, \u00e0 la demande expresse du p\u00e8re et de la m\u00e8re de l&rsquo;enfant.<\/p><p>La c\u00e9r\u00e9monie est organis\u00e9e :<\/p><ul><li>le samedi apr\u00e8s-midi hors jours f\u00e9ri\u00e9.<\/li><\/ul><p>Vous souhaitez proc\u00e9der \u00e0 un bapt\u00eame civil ? Vous pouvez r\u00e9aliser votre demande par mail ou en vous rendant durant les horaires d\u2019ouvertures \u00e0 la mairie en vous munissant des pi\u00e8ces suivantes :<\/p><ul><li>Copie de l&rsquo;acte de naissance int\u00e9gral de l&rsquo;enfant.<\/li><li>Copie recto-verso des pi\u00e8ces d&rsquo;identit\u00e9 des parents.<\/li><li>Copie recto-verso des pi\u00e8ces d&rsquo;identit\u00e9 du parrain et de la marraine.<\/li><\/ul>\t\t\t\t\t<\/div>\n\t\t\t\t\t\t<\/div>\n\t\t\t\t<\/div>\n\t\t\t\t\t\t<\/div>\n\t\t\t\t\t<\/div>\n\t\t<\/div>\n\t\t\t\t\t\t\t\t<\/div>\n\t\t\t\t\t<\/div>\n\t\t<\/section>\n\t\t\t\t\t\t\t\t\t<\/div>\n\t\t\t<\/div>\n\t\t\t\t\t<\/div>\n\t\t","protected":false},"excerpt":{"rendered":"<p>Le bapt\u00eame civil se pratique \u00e0 la mairie. Toutefois, comme il n&rsquo;a pas de valeur l\u00e9gale, les mairies ne sont pas oblig\u00e9es de le c\u00e9l\u00e9brer et il n&rsquo;y a pas de c\u00e9r\u00e9monial pr\u00e9\u00e9tabli. De quoi s&rsquo;agit-il ? Le bapt\u00eame civil n&rsquo;est pr\u00e9vu par aucun texte.&nbsp; Ce qu&rsquo;il est : Un engagement symbolique des parrains et [&hellip;]<\/p>\n","protected":false},"author":2,"featured_media":0,"parent":0,"menu_order":0,"comment_status":"closed","ping_status":"closed","template":"","meta":[],"_links":{"self":[{"href":"https:\/\/mairie-curienne.fr\/index.php\/wp-json\/wp\/v2\/pages\/3924"}],"collection":[{"href":"https:\/\/mairie-curienne.fr\/index.php\/wp-json\/wp\/v2\/pages"}],"about":[{"href":"https:\/\/mairie-curienne.fr\/index.php\/wp-json\/wp\/v2\/types\/page"}],"author":[{"embeddable":true,"href":"https:\/\/mairie-curienne.fr\/index.php\/wp-json\/wp\/v2\/users\/2"}],"replies":[{"embeddable":true,"href":"https:\/\/mairie-curienne.fr\/index.php\/wp-json\/wp\/v2\/comments?post=3924"}],"version-history":[{"count":14,"href":"https:\/\/mairie-curienne.fr\/index.php\/wp-json\/wp\/v2\/pages\/3924\/revisions"}],"predecessor-version":[{"id":4046,"href":"https:\/\/mairie-curienne.fr\/index.php\/wp-json\/wp\/v2\/pages\/3924\/revisions\/4046"}],"wp:attachment":[{"href":"https:\/\/mairie-curienne.fr\/index.php\/wp-json\/wp\/v2\/media?parent=3924"}],"curies":[{"name":"wp","href":"https:\/\/api.w.org\/{rel}","templated":true}]}}