{"id":3888,"date":"2021-04-26T09:45:44","date_gmt":"2021-04-26T07:45:44","guid":{"rendered":"https:\/\/projet.mairie-curienne.fr\/?page_id=3888"},"modified":"2021-08-29T17:00:29","modified_gmt":"2021-08-29T15:00:29","slug":"demande-dactes-detat-civil","status":"publish","type":"page","link":"https:\/\/mairie-curienne.fr\/index.php\/demande-dactes-detat-civil\/","title":{"rendered":"Demande d\u2019actes d\u2019\u00e9tat civil"},"content":{"rendered":"\t\t<div data-elementor-type=\"wp-page\" data-elementor-id=\"3888\" class=\"elementor elementor-3888\">\n\t\t\t\t\t\t<div class=\"elementor-inner\">\n\t\t\t\t<div class=\"elementor-section-wrap\">\n\t\t\t\t\t\t\t\t\t<section class=\"elementor-section elementor-top-section elementor-element elementor-element-beff32f elementor-section-boxed elementor-section-height-default elementor-section-height-default\" data-id=\"beff32f\" data-element_type=\"section\">\n\t\t\t\t\t\t<div class=\"elementor-container elementor-column-gap-default\">\n\t\t\t\t\t\t\t<div class=\"elementor-row\">\n\t\t\t\t\t<div class=\"elementor-column elementor-col-100 elementor-top-column elementor-element elementor-element-652ff01\" data-id=\"652ff01\" data-element_type=\"column\">\n\t\t\t<div class=\"elementor-column-wrap elementor-element-populated\">\n\t\t\t\t\t\t\t<div class=\"elementor-widget-wrap\">\n\t\t\t\t\t\t<div class=\"elementor-element elementor-element-06e8a1b elementor-widget elementor-widget-text-editor\" data-id=\"06e8a1b\" data-element_type=\"widget\" data-widget_type=\"text-editor.default\">\n\t\t\t\t<div class=\"elementor-widget-container\">\n\t\t\t\t\t\t\t\t<div class=\"elementor-text-editor elementor-clearfix\">\n\t\t\t\t<p>La mairie de Curienne r\u00e9pond et vous transmet les actes d\u2019\u00e9tat civil dont vous avez besoin pour vos d\u00e9marches administratives.<\/p><p><strong>Attention : Des sites commerciaux se proposent de faire la d\u00e9marche de demande d&rsquo;acte d&rsquo;\u00e9tat civil \u00e0 votre place, contre une somme d&rsquo;argent. Sachez que la d\u00e9livrance des actes d&rsquo;\u00e9tat civil par les communes est une d\u00e9marche gratuite.<\/strong><\/p><p>Pour faire une demande d\u2019acte d\u2019\u00e9tat civil, vous pouvez \u00e9galement acc\u00e9der aux d\u00e9marches d\u00e9mat\u00e9rialis\u00e9es \u00e0 l\u2019adresse suivante : <a href=\"https:\/\/www.service-public.fr\/particuliers\/vosdroits\/R1406\">https:\/\/www.service-public.fr\/particuliers\/vosdroits\/R1406<\/a><\/p>\t\t\t\t\t<\/div>\n\t\t\t\t\t\t<\/div>\n\t\t\t\t<\/div>\n\t\t\t\t<div class=\"elementor-element elementor-element-b5064a4 elementor-widget elementor-widget-heading\" data-id=\"b5064a4\" data-element_type=\"widget\" data-widget_type=\"heading.default\">\n\t\t\t\t<div class=\"elementor-widget-container\">\n\t\t\t<h2 class=\"elementor-heading-title elementor-size-default\">Actes de naissance<\/h2>\t\t<\/div>\n\t\t\t\t<\/div>\n\t\t\t\t<div class=\"elementor-element elementor-element-657222c elementor-widget elementor-widget-text-editor\" data-id=\"657222c\" data-element_type=\"widget\" data-widget_type=\"text-editor.default\">\n\t\t\t\t<div class=\"elementor-widget-container\">\n\t\t\t\t\t\t\t\t<div class=\"elementor-text-editor elementor-clearfix\">\n\t\t\t\t<p>Les actes de naissance ne peut \u00eatre obtenue qu\u2019\u00e0 la mairie du lieu de naissance. La commune de Curienne \u00e9tant tr\u00e8s rarement la commune pour cette d\u00e9marche, renseignez-vous aupr\u00e8s de la ville de Chamb\u00e9ry pour r\u00e9aliser vos d\u00e9marches.<\/p><p>Pour plus d\u2019informations sur les d\u00e9marches li\u00e9es aux actes de naissance :<\/p><p><a href=\"https:\/\/www.service-public.fr\/particuliers\/vosdroits\/F1427\">https:\/\/www.service-public.fr\/particuliers\/vosdroits\/F1427<\/a><\/p>\t\t\t\t\t<\/div>\n\t\t\t\t\t\t<\/div>\n\t\t\t\t<\/div>\n\t\t\t\t<div class=\"elementor-element elementor-element-c2edd40 elementor-widget elementor-widget-heading\" data-id=\"c2edd40\" data-element_type=\"widget\" data-widget_type=\"heading.default\">\n\t\t\t\t<div class=\"elementor-widget-container\">\n\t\t\t<h2 class=\"elementor-heading-title elementor-size-default\">Actes de mariage<\/h2>\t\t<\/div>\n\t\t\t\t<\/div>\n\t\t\t\t<div class=\"elementor-element elementor-element-c4b0a68 elementor-widget elementor-widget-text-editor\" data-id=\"c4b0a68\" data-element_type=\"widget\" data-widget_type=\"text-editor.default\">\n\t\t\t\t<div class=\"elementor-widget-container\">\n\t\t\t\t\t\t\t\t<div class=\"elementor-text-editor elementor-clearfix\">\n\t\t\t\t<p>Les actes de mariage ne sont d\u00e9livr\u00e9e que dans la commune du lieu de la c\u00e9r\u00e9monie.<\/p><p>Votre demande concerne un mariage qui s\u2019est r\u00e9alis\u00e9 \u00e0 Curienne ? Dans ce cas, la copie int\u00e9grale d&rsquo;acte de mariage et\/ou l&rsquo;extrait avec filiation n\u2019est d\u00e9livr\u00e9 qu\u2019 \u00e0 destination :<\/p><ul><li>D&rsquo;un des deux \u00e9poux<\/li><li>D&rsquo;un ascendant des \u00e9poux (parents, grands-parents)<\/li><li>D&rsquo;un descendant des \u00e9poux (enfants, petits-enfants)<\/li><li>D&rsquo;un professionnel autoris\u00e9 par la loi (ex : notaire ou avocat pour le compte de leur client).<\/li><\/ul>\t\t\t\t\t<\/div>\n\t\t\t\t\t\t<\/div>\n\t\t\t\t<\/div>\n\t\t\t\t<div class=\"elementor-element elementor-element-e4393d7 elementor-widget elementor-widget-heading\" data-id=\"e4393d7\" data-element_type=\"widget\" data-widget_type=\"heading.default\">\n\t\t\t\t<div class=\"elementor-widget-container\">\n\t\t\t<h2 class=\"elementor-heading-title elementor-size-default\">Actes de d\u00e9c\u00e8s<\/h2>\t\t<\/div>\n\t\t\t\t<\/div>\n\t\t\t\t<div class=\"elementor-element elementor-element-201998e elementor-widget elementor-widget-text-editor\" data-id=\"201998e\" data-element_type=\"widget\" data-widget_type=\"text-editor.default\">\n\t\t\t\t<div class=\"elementor-widget-container\">\n\t\t\t\t\t\t\t\t<div class=\"elementor-text-editor elementor-clearfix\">\n\t\t\t\t<p>La copie int\u00e9grale ou l&rsquo;extrait d&rsquo;acte de d\u00e9c\u00e8s peut \u00eatre obtenue par toute personne en faisant la demande.<\/p><p>Cette pi\u00e8ce peut \u00eatre obtenue :<\/p><ul><li>\u00c0 la mairie du lieu de d\u00e9c\u00e8s<\/li><li>\u00c0 la mairie du dernier domicile du d\u00e9funt.<\/li><\/ul>\t\t\t\t\t<\/div>\n\t\t\t\t\t\t<\/div>\n\t\t\t\t<\/div>\n\t\t\t\t<div class=\"elementor-element elementor-element-6d7539b elementor-widget elementor-widget-heading\" data-id=\"6d7539b\" data-element_type=\"widget\" data-widget_type=\"heading.default\">\n\t\t\t\t<div class=\"elementor-widget-container\">\n\t\t\t<h2 class=\"elementor-heading-title elementor-size-default\">N\u00e9, mari\u00e9 ou d\u00e9c\u00e9d\u00e9 \u00e0 l'\u00e9tranger ?<\/h2>\t\t<\/div>\n\t\t\t\t<\/div>\n\t\t\t\t<div class=\"elementor-element elementor-element-5a7acb9 elementor-widget elementor-widget-text-editor\" data-id=\"5a7acb9\" data-element_type=\"widget\" data-widget_type=\"text-editor.default\">\n\t\t\t\t<div class=\"elementor-widget-container\">\n\t\t\t\t\t\t\t\t<div class=\"elementor-text-editor elementor-clearfix\">\n\t\t\t\t<p>Pour les actes d&rsquo;\u00e9tat civil des Fran\u00e7ais lorsque la naissance, le mariage ou le d\u00e9c\u00e8s est survenu \u00e0 l&rsquo;\u00e9tranger, formulez votre demande directement aupr\u00e8s du Service Central d&rsquo;\u00c9tat-Civil du Minist\u00e8re des Affaires \u00c9trang\u00e8res.<\/p><p>Par courrier :<\/p><p><strong>Service Central d&rsquo;\u00e9tat Civil<\/strong><br \/><strong>44941 NANTES CEDEX 9<\/strong><\/p>\t\t\t\t\t<\/div>\n\t\t\t\t\t\t<\/div>\n\t\t\t\t<\/div>\n\t\t\t\t\t\t<\/div>\n\t\t\t\t\t<\/div>\n\t\t<\/div>\n\t\t\t\t\t\t\t\t<\/div>\n\t\t\t\t\t<\/div>\n\t\t<\/section>\n\t\t\t\t\t\t\t\t\t<\/div>\n\t\t\t<\/div>\n\t\t\t\t\t<\/div>\n\t\t","protected":false},"excerpt":{"rendered":"<p>La mairie de Curienne r\u00e9pond et vous transmet les actes d\u2019\u00e9tat civil dont vous avez besoin pour vos d\u00e9marches administratives. Attention : Des sites commerciaux se proposent de faire la d\u00e9marche de demande d&rsquo;acte d&rsquo;\u00e9tat civil \u00e0 votre place, contre une somme d&rsquo;argent. Sachez que la d\u00e9livrance des actes d&rsquo;\u00e9tat civil par les communes est [&hellip;]<\/p>\n","protected":false},"author":2,"featured_media":0,"parent":0,"menu_order":0,"comment_status":"closed","ping_status":"closed","template":"","meta":[],"_links":{"self":[{"href":"https:\/\/mairie-curienne.fr\/index.php\/wp-json\/wp\/v2\/pages\/3888"}],"collection":[{"href":"https:\/\/mairie-curienne.fr\/index.php\/wp-json\/wp\/v2\/pages"}],"about":[{"href":"https:\/\/mairie-curienne.fr\/index.php\/wp-json\/wp\/v2\/types\/page"}],"author":[{"embeddable":true,"href":"https:\/\/mairie-curienne.fr\/index.php\/wp-json\/wp\/v2\/users\/2"}],"replies":[{"embeddable":true,"href":"https:\/\/mairie-curienne.fr\/index.php\/wp-json\/wp\/v2\/comments?post=3888"}],"version-history":[{"count":40,"href":"https:\/\/mairie-curienne.fr\/index.php\/wp-json\/wp\/v2\/pages\/3888\/revisions"}],"predecessor-version":[{"id":5172,"href":"https:\/\/mairie-curienne.fr\/index.php\/wp-json\/wp\/v2\/pages\/3888\/revisions\/5172"}],"wp:attachment":[{"href":"https:\/\/mairie-curienne.fr\/index.php\/wp-json\/wp\/v2\/media?parent=3888"}],"curies":[{"name":"wp","href":"https:\/\/api.w.org\/{rel}","templated":true}]}}