{"id":3863,"date":"2021-04-26T09:34:23","date_gmt":"2021-04-26T07:34:23","guid":{"rendered":"https:\/\/projet.mairie-curienne.fr\/?page_id=3863"},"modified":"2021-04-26T09:44:37","modified_gmt":"2021-04-26T07:44:37","slug":"mariage","status":"publish","type":"page","link":"https:\/\/mairie-curienne.fr\/index.php\/mariage\/","title":{"rendered":"Mariage"},"content":{"rendered":"\t\t<div data-elementor-type=\"wp-page\" data-elementor-id=\"3863\" class=\"elementor elementor-3863\">\n\t\t\t\t\t\t<div class=\"elementor-inner\">\n\t\t\t\t<div class=\"elementor-section-wrap\">\n\t\t\t\t\t\t\t\t\t<section class=\"elementor-section elementor-top-section elementor-element elementor-element-291513c elementor-section-boxed elementor-section-height-default elementor-section-height-default\" data-id=\"291513c\" data-element_type=\"section\">\n\t\t\t\t\t\t<div class=\"elementor-container elementor-column-gap-default\">\n\t\t\t\t\t\t\t<div class=\"elementor-row\">\n\t\t\t\t\t<div class=\"elementor-column elementor-col-100 elementor-top-column elementor-element elementor-element-a855a85\" data-id=\"a855a85\" data-element_type=\"column\">\n\t\t\t<div class=\"elementor-column-wrap elementor-element-populated\">\n\t\t\t\t\t\t\t<div class=\"elementor-widget-wrap\">\n\t\t\t\t\t\t<div class=\"elementor-element elementor-element-687bb5d elementor-widget elementor-widget-text-editor\" data-id=\"687bb5d\" data-element_type=\"widget\" data-widget_type=\"text-editor.default\">\n\t\t\t\t<div class=\"elementor-widget-container\">\n\t\t\t\t\t\t\t\t<div class=\"elementor-text-editor elementor-clearfix\">\n\t\t\t\t<p><strong>Vous allez vous marier ? F\u00e9licitations !<\/strong><\/p><p>A titre d\u2019information, si vous souhaitez vous marier \u00e0 Curienne, vous devez v\u00e9rifier que votre situation correspond aux dispositions l\u00e9gales.<\/p><p>En effet, Il est possible de se marier dans la commune :<\/p><ul><li>Du domicile de l&rsquo;un des deux \u00e9poux<\/li><li>Du lieu de r\u00e9sidence de l&rsquo;un des futurs \u00e9poux, si cette r\u00e9sidence est diff\u00e9rente du domicile l\u00e9gal et si elle est effective depuis plus d&rsquo;un mois (article 74 du code civil)<\/li><li>Du domicile d&rsquo;un des parents des futurs \u00e9poux (loi n\u00b02013-404 du 17 mai 2013).<\/li><\/ul><p>A titre de rappel, les principales conditions \u00e0 respecter sont les suivantes :<\/p><ul><li>\u00catre majeur<\/li><li>\u00catre monogame<\/li><li>Ne pas avoir de lien de parent\u00e9 ou d&rsquo;alliance<\/li><li>Le consentement libre et \u00e9clair\u00e9<\/li><\/ul>\t\t\t\t\t<\/div>\n\t\t\t\t\t\t<\/div>\n\t\t\t\t<\/div>\n\t\t\t\t<div class=\"elementor-element elementor-element-c1381db elementor-widget elementor-widget-heading\" data-id=\"c1381db\" data-element_type=\"widget\" data-widget_type=\"heading.default\">\n\t\t\t\t<div class=\"elementor-widget-container\">\n\t\t\t<h2 class=\"elementor-heading-title elementor-size-default\">Modalit\u00e9s pratiques<\/h2>\t\t<\/div>\n\t\t\t\t<\/div>\n\t\t\t\t<div class=\"elementor-element elementor-element-0b18a8d elementor-widget elementor-widget-text-editor\" data-id=\"0b18a8d\" data-element_type=\"widget\" data-widget_type=\"text-editor.default\">\n\t\t\t\t<div class=\"elementor-widget-container\">\n\t\t\t\t\t\t\t\t<div class=\"elementor-text-editor elementor-clearfix\">\n\t\t\t\t<p>Les mariages ont lieu du lundi au samedi sauf jour f\u00e9ri\u00e9.<\/p><p>Pour plus de renseignements, vous pouvez contacter la mairie par t\u00e9l\u00e9phone ou par mail ou vous rendre dans les bureaux du service administratif pendant les horaires d\u2019ouverture.<\/p><p>Pour chaque mariage, un rendez-vous sera organis\u00e9 pour finaliser le dossier et organiser la c\u00e9r\u00e9monie avec les futurs \u00e9poux. L\u2019agent de l&rsquo;\u00e9tat civil r\u00e9pondront \u00e0 toutes leurs questions.<\/p>\t\t\t\t\t<\/div>\n\t\t\t\t\t\t<\/div>\n\t\t\t\t<\/div>\n\t\t\t\t\t\t<\/div>\n\t\t\t\t\t<\/div>\n\t\t<\/div>\n\t\t\t\t\t\t\t\t<\/div>\n\t\t\t\t\t<\/div>\n\t\t<\/section>\n\t\t\t\t\t\t\t\t\t<\/div>\n\t\t\t<\/div>\n\t\t\t\t\t<\/div>\n\t\t","protected":false},"excerpt":{"rendered":"<p>Vous allez vous marier ? F\u00e9licitations ! A titre d\u2019information, si vous souhaitez vous marier \u00e0 Curienne, vous devez v\u00e9rifier que votre situation correspond aux dispositions l\u00e9gales. En effet, Il est possible de se marier dans la commune : Du domicile de l&rsquo;un des deux \u00e9poux Du lieu de r\u00e9sidence de l&rsquo;un des futurs \u00e9poux, [&hellip;]<\/p>\n","protected":false},"author":2,"featured_media":0,"parent":0,"menu_order":0,"comment_status":"closed","ping_status":"closed","template":"","meta":[],"_links":{"self":[{"href":"https:\/\/mairie-curienne.fr\/index.php\/wp-json\/wp\/v2\/pages\/3863"}],"collection":[{"href":"https:\/\/mairie-curienne.fr\/index.php\/wp-json\/wp\/v2\/pages"}],"about":[{"href":"https:\/\/mairie-curienne.fr\/index.php\/wp-json\/wp\/v2\/types\/page"}],"author":[{"embeddable":true,"href":"https:\/\/mairie-curienne.fr\/index.php\/wp-json\/wp\/v2\/users\/2"}],"replies":[{"embeddable":true,"href":"https:\/\/mairie-curienne.fr\/index.php\/wp-json\/wp\/v2\/comments?post=3863"}],"version-history":[{"count":22,"href":"https:\/\/mairie-curienne.fr\/index.php\/wp-json\/wp\/v2\/pages\/3863\/revisions"}],"predecessor-version":[{"id":3887,"href":"https:\/\/mairie-curienne.fr\/index.php\/wp-json\/wp\/v2\/pages\/3863\/revisions\/3887"}],"wp:attachment":[{"href":"https:\/\/mairie-curienne.fr\/index.php\/wp-json\/wp\/v2\/media?parent=3863"}],"curies":[{"name":"wp","href":"https:\/\/api.w.org\/{rel}","templated":true}]}}