{"id":3779,"date":"2021-04-26T08:12:04","date_gmt":"2021-04-26T06:12:04","guid":{"rendered":"https:\/\/projet.mairie-curienne.fr\/?page_id=3779"},"modified":"2025-02-05T22:56:41","modified_gmt":"2025-02-05T21:56:41","slug":"salle-polyvalente","status":"publish","type":"page","link":"https:\/\/mairie-curienne.fr\/index.php\/salle-polyvalente\/","title":{"rendered":"Salle polyvalente"},"content":{"rendered":"\t\t<div data-elementor-type=\"wp-page\" data-elementor-id=\"3779\" class=\"elementor elementor-3779\">\n\t\t\t\t\t\t<div class=\"elementor-inner\">\n\t\t\t\t<div class=\"elementor-section-wrap\">\n\t\t\t\t\t\t\t\t\t<section class=\"elementor-section elementor-top-section elementor-element elementor-element-87101b0 elementor-section-boxed elementor-section-height-default elementor-section-height-default\" data-id=\"87101b0\" data-element_type=\"section\">\n\t\t\t\t\t\t<div class=\"elementor-container elementor-column-gap-default\">\n\t\t\t\t\t\t\t<div class=\"elementor-row\">\n\t\t\t\t\t<div class=\"elementor-column elementor-col-100 elementor-top-column elementor-element elementor-element-ec6c18f\" data-id=\"ec6c18f\" data-element_type=\"column\">\n\t\t\t<div class=\"elementor-column-wrap elementor-element-populated\">\n\t\t\t\t\t\t\t<div class=\"elementor-widget-wrap\">\n\t\t\t\t\t\t<div class=\"elementor-element elementor-element-a58e359 elementor-widget elementor-widget-text-editor\" data-id=\"a58e359\" data-element_type=\"widget\" data-widget_type=\"text-editor.default\">\n\t\t\t\t<div class=\"elementor-widget-container\">\n\t\t\t\t\t\t\t\t<div class=\"elementor-text-editor elementor-clearfix\">\n\t\t\t\t<p>La municipalit\u00e9 met \u00e0 disposition des particuliers, des associations, et des professionnels les locaux de la salle polyvalente. Cette salle, d\u2019une capacit\u00e9 de 300 personnes, est \u00e9quip\u00e9e d\u2019un \u00e9cran de cin\u00e9ma, de mat\u00e9riel de sonorisation, d\u2019un bar, d\u2019une salle de r\u00e9union, et d\u2019une cuisine (pas de possibilit\u00e9 de cuisiner sur place).<\/p><p class=\"western\">Si vous \u00eates int\u00e9ress\u00e9s par la location de la salle polyvalente, vous pouvez faire votre demande par mail ou par t\u00e9l\u00e9phone aux coordonn\u00e9es de la mairie. Il vous sera demand\u00e9 de remplir la fiche d\u2019information et de transmettre la convention sign\u00e9e au moins <strong>10 jours<\/strong> \u00e0 l\u2019avance.<\/p><ul><li><a href=\"https:\/\/mairie-curienne.fr\/wp-content\/uploads\/2020\/07\/tarifs_2024_location_salle_polyvalente.pdf\">T\u00e9l\u00e9charger les tarifs et le contrat de location<\/a><\/li><\/ul>\t\t\t\t\t<\/div>\n\t\t\t\t\t\t<\/div>\n\t\t\t\t<\/div>\n\t\t\t\t<div class=\"elementor-element elementor-element-95719ab elementor-widget elementor-widget-heading\" data-id=\"95719ab\" data-element_type=\"widget\" data-widget_type=\"heading.default\">\n\t\t\t\t<div class=\"elementor-widget-container\">\n\t\t\t<h2 class=\"elementor-heading-title elementor-size-default\">Modalit\u00e9s pratiques<\/h2>\t\t<\/div>\n\t\t\t\t<\/div>\n\t\t\t\t<div class=\"elementor-element elementor-element-20e9cb5 elementor-widget elementor-widget-text-editor\" data-id=\"20e9cb5\" data-element_type=\"widget\" data-widget_type=\"text-editor.default\">\n\t\t\t\t<div class=\"elementor-widget-container\">\n\t\t\t\t\t\t\t\t<div class=\"elementor-text-editor elementor-clearfix\">\n\t\t\t\t<ul><li>Pour les \u00e9v\u00e8nements en weekend, les \u00e9tats des lieux sont r\u00e9alis\u00e9s : le vendredi \u00e0 18h30 et les lundis matins entre 8H et 10H00.<\/li><li>Pour les \u00e9v\u00e8nements en semaine, sous r\u00e9serves de la disponibilit\u00e9, les \u00e9tats des lieux sont r\u00e9alis\u00e9s en jours de 9H \u00e0 18H00.<\/li><li>Les r\u00e9servations de la salle sont r\u00e9alis\u00e9es dans un d\u00e9lai maximum d\u2019<strong>un an<\/strong>.<\/li><li>Lien pour la r\u00e9servation en ligne : <a href=\"https:\/\/espacesurdemande.anct.gouv.fr\/espaces\/commune-de-curienne\">https:\/\/espacesurdemande.anct.gouv.fr\/espaces\/commune-de-curienne<\/a><\/li><\/ul>\t\t\t\t\t<\/div>\n\t\t\t\t\t\t<\/div>\n\t\t\t\t<\/div>\n\t\t\t\t\t\t<\/div>\n\t\t\t\t\t<\/div>\n\t\t<\/div>\n\t\t\t\t\t\t\t\t<\/div>\n\t\t\t\t\t<\/div>\n\t\t<\/section>\n\t\t\t\t\t\t\t\t\t<\/div>\n\t\t\t<\/div>\n\t\t\t\t\t<\/div>\n\t\t","protected":false},"excerpt":{"rendered":"<p>La municipalit\u00e9 met \u00e0 disposition des particuliers, des associations, et des professionnels les locaux de la salle polyvalente. Cette salle, d\u2019une capacit\u00e9 de 300 personnes, est \u00e9quip\u00e9e d\u2019un \u00e9cran de cin\u00e9ma, de mat\u00e9riel de sonorisation, d\u2019un bar, d\u2019une salle de r\u00e9union, et d\u2019une cuisine (pas de possibilit\u00e9 de cuisiner sur place). Si vous \u00eates int\u00e9ress\u00e9s [&hellip;]<\/p>\n","protected":false},"author":2,"featured_media":0,"parent":0,"menu_order":0,"comment_status":"closed","ping_status":"closed","template":"","meta":[],"_links":{"self":[{"href":"https:\/\/mairie-curienne.fr\/index.php\/wp-json\/wp\/v2\/pages\/3779"}],"collection":[{"href":"https:\/\/mairie-curienne.fr\/index.php\/wp-json\/wp\/v2\/pages"}],"about":[{"href":"https:\/\/mairie-curienne.fr\/index.php\/wp-json\/wp\/v2\/types\/page"}],"author":[{"embeddable":true,"href":"https:\/\/mairie-curienne.fr\/index.php\/wp-json\/wp\/v2\/users\/2"}],"replies":[{"embeddable":true,"href":"https:\/\/mairie-curienne.fr\/index.php\/wp-json\/wp\/v2\/comments?post=3779"}],"version-history":[{"count":45,"href":"https:\/\/mairie-curienne.fr\/index.php\/wp-json\/wp\/v2\/pages\/3779\/revisions"}],"predecessor-version":[{"id":7619,"href":"https:\/\/mairie-curienne.fr\/index.php\/wp-json\/wp\/v2\/pages\/3779\/revisions\/7619"}],"wp:attachment":[{"href":"https:\/\/mairie-curienne.fr\/index.php\/wp-json\/wp\/v2\/media?parent=3779"}],"curies":[{"name":"wp","href":"https:\/\/api.w.org\/{rel}","templated":true}]}}