{"id":3572,"date":"2021-04-18T16:57:09","date_gmt":"2021-04-18T14:57:09","guid":{"rendered":"https:\/\/projet.mairie-curienne.fr\/?page_id=3572"},"modified":"2025-02-05T22:59:00","modified_gmt":"2025-02-05T21:59:00","slug":"decouvrez-curienne","status":"publish","type":"page","link":"https:\/\/mairie-curienne.fr\/index.php\/decouvrez-curienne\/","title":{"rendered":"D\u00e9couvrir Curienne"},"content":{"rendered":"\t\t<div data-elementor-type=\"wp-page\" data-elementor-id=\"3572\" class=\"elementor elementor-3572\">\n\t\t\t\t\t\t<div class=\"elementor-inner\">\n\t\t\t\t<div class=\"elementor-section-wrap\">\n\t\t\t\t\t\t\t\t\t<section class=\"elementor-section elementor-top-section elementor-element elementor-element-97ba036 elementor-section-boxed elementor-section-height-default elementor-section-height-default\" data-id=\"97ba036\" data-element_type=\"section\">\n\t\t\t\t\t\t<div class=\"elementor-container elementor-column-gap-default\">\n\t\t\t\t\t\t\t<div class=\"elementor-row\">\n\t\t\t\t\t<div class=\"elementor-column elementor-col-100 elementor-top-column elementor-element elementor-element-92f2e15\" data-id=\"92f2e15\" data-element_type=\"column\">\n\t\t\t<div class=\"elementor-column-wrap elementor-element-populated\">\n\t\t\t\t\t\t\t<div class=\"elementor-widget-wrap\">\n\t\t\t\t\t\t<div class=\"elementor-element elementor-element-97a4ff2 elementor-widget elementor-widget-text-editor\" data-id=\"97a4ff2\" data-element_type=\"widget\" data-widget_type=\"text-editor.default\">\n\t\t\t\t<div class=\"elementor-widget-container\">\n\t\t\t\t\t\t\t\t<div class=\"elementor-text-editor elementor-clearfix\">\n\t\t\t\t<p data-olk-copy-source=\"MessageBody\">Curienne est une charmante commune situ\u00e9e dans le d\u00e9partement de la Savoie, en r\u00e9gion Auvergne-Rh\u00f4ne-Alpes, \u00e0 environ 10 km de Chamb\u00e9ry. Nich\u00e9e sur les contreforts du massif des Bauges, \u00e0 une altitude d\u2019environ 600 \u00e0 1000 m\u00e8tres, elle offre un cadre naturel exceptionnel, id\u00e9al pour les amateurs de calme, de nature, et de randonn\u00e9es.<\/p><h3><strong>Un environnement naturel pr\u00e9serv\u00e9<\/strong><\/h3><p>Curienne se distingue par ses paysages verdoyants et ses vues imprenables sur les montagnes environnantes. La commune fait partie du Parc naturel r\u00e9gional du Massif des Bauges, une zone prot\u00e9g\u00e9e reconnue pour sa biodiversit\u00e9 et son patrimoine naturel. Les for\u00eats, prairies et alpages environnants sont propices \u00e0 la d\u00e9tente et aux activit\u00e9s de plein air.<\/p><h3><strong>Une commune tourn\u00e9e vers l\u2019agriculture<\/strong><\/h3><p>L\u2019\u00e9conomie locale repose en grande partie sur l\u2019agriculture, avec une pr\u00e9dominance de l\u2019\u00e9levage et de la production de produits savoyards embl\u00e9matiques, tels que le lait, le fromage (notamment la Tomme de Savoie) et le miel. De nombreuses fermes proposent des produits locaux directement aux visiteurs, offrant une exp\u00e9rience authentique.<\/p><h3><strong>Patrimoine et culture locale<\/strong><\/h3><p>Curienne est \u00e9galement riche de son patrimoine rural. On y trouve des chapelles anciennes, des croix de chemin et des b\u00e2tisses traditionnelles en pierre et en bois, t\u00e9moignant de l\u2019histoire et de l\u2019identit\u00e9 montagnarde de la r\u00e9gion.<\/p><p>La commune valorise aussi la vie locale \u00e0 travers des \u00e9v\u00e9nements annuels qui c\u00e9l\u00e8brent les traditions savoyardes, comme des f\u00eates de village ou des march\u00e9s artisanaux.<\/p><h3><strong>Activit\u00e9s et loisirs<\/strong><\/h3><p>Les amoureux de la nature et des activit\u00e9s en plein air trouveront \u00e0 Curienne de nombreuses possibilit\u00e9s :<\/p><ul><li><strong>Randonn\u00e9es<\/strong>\u00a0: plusieurs sentiers balis\u00e9s permettent de d\u00e9couvrir les paysages environnants et les points de vue spectaculaires.<\/li><li><strong>V\u00e9lo<\/strong>\u00a0: les routes et chemins autour de Curienne attirent les cyclistes, notamment ceux en qu\u00eate de d\u00e9fis sur des routes montagneuses.<\/li><li><strong>D\u00e9couverte de la faune et de la flore<\/strong>\u00a0: Curienne est un excellent point de d\u00e9part pour observer la faune alpine, notamment les chamois, les marmottes, et une grande vari\u00e9t\u00e9 d\u2019oiseaux.<\/li><\/ul><h3><strong>Acc\u00e8s facile<\/strong><\/h3><p>Malgr\u00e9 son cadre paisible, Curienne est facilement accessible depuis Chamb\u00e9ry, ce qui en fait une destination id\u00e9ale pour une escapade \u00e0 la journ\u00e9e ou pour un s\u00e9jour prolong\u00e9.<\/p><p>Curienne incarne le charme des villages de Savoie, alliant authenticit\u00e9, nature et convivialit\u00e9. C&rsquo;est un lieu parfait pour se ressourcer et d\u00e9couvrir les richesses du patrimoine savoyard.<\/p>\t\t\t\t\t<\/div>\n\t\t\t\t\t\t<\/div>\n\t\t\t\t<\/div>\n\t\t\t\t\t\t<\/div>\n\t\t\t\t\t<\/div>\n\t\t<\/div>\n\t\t\t\t\t\t\t\t<\/div>\n\t\t\t\t\t<\/div>\n\t\t<\/section>\n\t\t\t\t\t\t\t\t\t<\/div>\n\t\t\t<\/div>\n\t\t\t\t\t<\/div>\n\t\t","protected":false},"excerpt":{"rendered":"<p>Curienne est une charmante commune situ\u00e9e dans le d\u00e9partement de la Savoie, en r\u00e9gion Auvergne-Rh\u00f4ne-Alpes, \u00e0 environ 10 km de Chamb\u00e9ry. Nich\u00e9e sur les contreforts du massif des Bauges, \u00e0 une altitude d\u2019environ 600 \u00e0 1000 m\u00e8tres, elle offre un cadre naturel exceptionnel, id\u00e9al pour les amateurs de calme, de nature, et de randonn\u00e9es. Un [&hellip;]<\/p>\n","protected":false},"author":2,"featured_media":0,"parent":0,"menu_order":0,"comment_status":"closed","ping_status":"closed","template":"","meta":[],"_links":{"self":[{"href":"https:\/\/mairie-curienne.fr\/index.php\/wp-json\/wp\/v2\/pages\/3572"}],"collection":[{"href":"https:\/\/mairie-curienne.fr\/index.php\/wp-json\/wp\/v2\/pages"}],"about":[{"href":"https:\/\/mairie-curienne.fr\/index.php\/wp-json\/wp\/v2\/types\/page"}],"author":[{"embeddable":true,"href":"https:\/\/mairie-curienne.fr\/index.php\/wp-json\/wp\/v2\/users\/2"}],"replies":[{"embeddable":true,"href":"https:\/\/mairie-curienne.fr\/index.php\/wp-json\/wp\/v2\/comments?post=3572"}],"version-history":[{"count":11,"href":"https:\/\/mairie-curienne.fr\/index.php\/wp-json\/wp\/v2\/pages\/3572\/revisions"}],"predecessor-version":[{"id":7622,"href":"https:\/\/mairie-curienne.fr\/index.php\/wp-json\/wp\/v2\/pages\/3572\/revisions\/7622"}],"wp:attachment":[{"href":"https:\/\/mairie-curienne.fr\/index.php\/wp-json\/wp\/v2\/media?parent=3572"}],"curies":[{"name":"wp","href":"https:\/\/api.w.org\/{rel}","templated":true}]}}