{"id":3556,"date":"2021-04-18T16:40:33","date_gmt":"2021-04-18T14:40:33","guid":{"rendered":"https:\/\/projet.mairie-curienne.fr\/?page_id=3556"},"modified":"2021-04-26T16:52:53","modified_gmt":"2021-04-26T14:52:53","slug":"transports","status":"publish","type":"page","link":"https:\/\/mairie-curienne.fr\/index.php\/transports\/","title":{"rendered":"Transports"},"content":{"rendered":"\t\t<div data-elementor-type=\"wp-page\" data-elementor-id=\"3556\" class=\"elementor elementor-3556\">\n\t\t\t\t\t\t<div class=\"elementor-inner\">\n\t\t\t\t<div class=\"elementor-section-wrap\">\n\t\t\t\t\t\t\t\t\t<section class=\"elementor-section elementor-top-section elementor-element elementor-element-9a1b868 elementor-section-boxed elementor-section-height-default elementor-section-height-default\" data-id=\"9a1b868\" data-element_type=\"section\">\n\t\t\t\t\t\t<div class=\"elementor-container elementor-column-gap-default\">\n\t\t\t\t\t\t\t<div class=\"elementor-row\">\n\t\t\t\t\t<div class=\"elementor-column elementor-col-100 elementor-top-column elementor-element elementor-element-70c280a\" data-id=\"70c280a\" data-element_type=\"column\">\n\t\t\t<div class=\"elementor-column-wrap elementor-element-populated\">\n\t\t\t\t\t\t\t<div class=\"elementor-widget-wrap\">\n\t\t\t\t\t\t<div class=\"elementor-element elementor-element-7ad0ee1 elementor-widget elementor-widget-text-editor\" data-id=\"7ad0ee1\" data-element_type=\"widget\" data-widget_type=\"text-editor.default\">\n\t\t\t\t<div class=\"elementor-widget-container\">\n\t\t\t\t\t\t\t\t<div class=\"elementor-text-editor elementor-clearfix\">\n\t\t\t\t<p>Les services de transport de la commune sont assur\u00e9s par l&rsquo;agglom\u00e9ration de Grand Chamb\u00e9ry via le service Synchro Bus : <a href=\"https:\/\/www.synchro-bus.fr\/\">https:\/\/www.synchro-bus.fr\/<\/a><\/p><p>Les lignes r\u00e9guli\u00e8res passant par la commune de Curienne sont les lignes 13 et 14.<\/p>\t\t\t\t\t<\/div>\n\t\t\t\t\t\t<\/div>\n\t\t\t\t<\/div>\n\t\t\t\t<div class=\"elementor-element elementor-element-6379784 elementor-widget elementor-widget-heading\" data-id=\"6379784\" data-element_type=\"widget\" data-widget_type=\"heading.default\">\n\t\t\t\t<div class=\"elementor-widget-container\">\n\t\t\t<h2 class=\"elementor-heading-title elementor-size-default\">Pour les \u00e9coles<\/h2>\t\t<\/div>\n\t\t\t\t<\/div>\n\t\t\t\t<div class=\"elementor-element elementor-element-b8119ca elementor-widget elementor-widget-text-editor\" data-id=\"b8119ca\" data-element_type=\"widget\" data-widget_type=\"text-editor.default\">\n\t\t\t\t<div class=\"elementor-widget-container\">\n\t\t\t\t\t\t\t\t<div class=\"elementor-text-editor elementor-clearfix\">\n\t\t\t\t<p>Les enfants des \u00e9coles de Curienne peuvent utiliser la ligne de transport scolaire 401 qui relie la Thuile \u00e0 l\u2019\u00e9cole du chef-lieu. Cette ligne passe \u00e9galement sur les hameaux, et le chef-lieu de Curienne.<\/p><ul><li><a href=\"https:\/\/www.synchro-bus.fr\/Se-deplacer\/Lignes-scolaires\/401\">Parcours et fiche horaire de la ligne 401<\/a><\/li><\/ul><p>Vous \u00eates int\u00e9ress\u00e9s\u00a0? Pour inscrire votre enfant, les d\u00e9marches sont \u00e0 r\u00e9alis\u00e9s aupr\u00e8s du service Synchro Bus. <br \/>L\u2019ensemble des documents et des d\u00e9marches d\u2019inscriptions sont disponible sur la page li\u00e9e au transport scolaire :<\/p><p><a href=\"https:\/\/www.synchro-bus.fr\/Nos-services\/Transport-scolaire\">https:\/\/www.synchro-bus.fr\/Nos-services\/Transport-scolaire<\/a><\/p>\t\t\t\t\t<\/div>\n\t\t\t\t\t\t<\/div>\n\t\t\t\t<\/div>\n\t\t\t\t<div class=\"elementor-element elementor-element-7056b3e elementor-widget elementor-widget-heading\" data-id=\"7056b3e\" data-element_type=\"widget\" data-widget_type=\"heading.default\">\n\t\t\t\t<div class=\"elementor-widget-container\">\n\t\t\t<h2 class=\"elementor-heading-title elementor-size-default\">Pour les coll\u00e8ges et les lyc\u00e9es<\/h2>\t\t<\/div>\n\t\t\t\t<\/div>\n\t\t\t\t<div class=\"elementor-element elementor-element-126e375 elementor-widget elementor-widget-text-editor\" data-id=\"126e375\" data-element_type=\"widget\" data-widget_type=\"text-editor.default\">\n\t\t\t\t<div class=\"elementor-widget-container\">\n\t\t\t\t\t\t\t\t<div class=\"elementor-text-editor elementor-clearfix\">\n\t\t\t\t<p>Les jeunes peuvent utiliser la ligne 13 ou la ligne 14 selon leur domicile.<\/p><ul><li><a href=\"https:\/\/www.synchro-bus.fr\/Se-deplacer\/Lignes-regulieres\/13\">Parcours et fiche horaire de la ligne 13<\/a><\/li><li><a href=\"https:\/\/www.synchro-bus.fr\/Se-deplacer\/Lignes-regulieres\/14\">Parcours et fiche horaire de la ligne 14<\/a><\/li><\/ul><p>Vous \u00eates int\u00e9ress\u00e9s\u00a0? Pour inscrire votre enfant, les d\u00e9marches sont \u00e0 r\u00e9alis\u00e9s aupr\u00e8s du service Synchro Bus. <br \/>L\u2019ensemble des documents et des d\u00e9marches d\u2019inscriptions sont disponible sur la page li\u00e9e au transport scolaire :<\/p><p><a href=\"https:\/\/www.synchro-bus.fr\/Nos-services\/Transport-scolaire\">https:\/\/www.synchro-bus.fr\/Nos-services\/Transport-scolaire<\/a><\/p>\t\t\t\t\t<\/div>\n\t\t\t\t\t\t<\/div>\n\t\t\t\t<\/div>\n\t\t\t\t\t\t<\/div>\n\t\t\t\t\t<\/div>\n\t\t<\/div>\n\t\t\t\t\t\t\t\t<\/div>\n\t\t\t\t\t<\/div>\n\t\t<\/section>\n\t\t\t\t\t\t\t\t\t<\/div>\n\t\t\t<\/div>\n\t\t\t\t\t<\/div>\n\t\t","protected":false},"excerpt":{"rendered":"<p>Les services de transport de la commune sont assur\u00e9s par l&rsquo;agglom\u00e9ration de Grand Chamb\u00e9ry via le service Synchro Bus : https:\/\/www.synchro-bus.fr\/ Les lignes r\u00e9guli\u00e8res passant par la commune de Curienne sont les lignes 13 et 14. Pour les \u00e9coles Les enfants des \u00e9coles de Curienne peuvent utiliser la ligne de transport scolaire 401 qui relie [&hellip;]<\/p>\n","protected":false},"author":2,"featured_media":0,"parent":0,"menu_order":0,"comment_status":"closed","ping_status":"closed","template":"","meta":[],"_links":{"self":[{"href":"https:\/\/mairie-curienne.fr\/index.php\/wp-json\/wp\/v2\/pages\/3556"}],"collection":[{"href":"https:\/\/mairie-curienne.fr\/index.php\/wp-json\/wp\/v2\/pages"}],"about":[{"href":"https:\/\/mairie-curienne.fr\/index.php\/wp-json\/wp\/v2\/types\/page"}],"author":[{"embeddable":true,"href":"https:\/\/mairie-curienne.fr\/index.php\/wp-json\/wp\/v2\/users\/2"}],"replies":[{"embeddable":true,"href":"https:\/\/mairie-curienne.fr\/index.php\/wp-json\/wp\/v2\/comments?post=3556"}],"version-history":[{"count":25,"href":"https:\/\/mairie-curienne.fr\/index.php\/wp-json\/wp\/v2\/pages\/3556\/revisions"}],"predecessor-version":[{"id":4032,"href":"https:\/\/mairie-curienne.fr\/index.php\/wp-json\/wp\/v2\/pages\/3556\/revisions\/4032"}],"wp:attachment":[{"href":"https:\/\/mairie-curienne.fr\/index.php\/wp-json\/wp\/v2\/media?parent=3556"}],"curies":[{"name":"wp","href":"https:\/\/api.w.org\/{rel}","templated":true}]}}