{"id":3381,"date":"2021-04-17T12:05:56","date_gmt":"2021-04-17T10:05:56","guid":{"rendered":"https:\/\/projet.mairie-curienne.fr\/?page_id=3381"},"modified":"2026-04-29T22:09:34","modified_gmt":"2026-04-29T20:09:34","slug":"le-centre-de-loisir-le-sicsal","status":"publish","type":"page","link":"https:\/\/mairie-curienne.fr\/index.php\/le-centre-de-loisir-le-sicsal\/","title":{"rendered":"Les centres de loisirs"},"content":{"rendered":"\t\t<div data-elementor-type=\"wp-page\" data-elementor-id=\"3381\" class=\"elementor elementor-3381\">\n\t\t\t\t\t\t<div class=\"elementor-inner\">\n\t\t\t\t<div class=\"elementor-section-wrap\">\n\t\t\t\t\t\t\t\t\t<section class=\"elementor-section elementor-top-section elementor-element elementor-element-c20194d elementor-section-boxed elementor-section-height-default elementor-section-height-default\" data-id=\"c20194d\" data-element_type=\"section\">\n\t\t\t\t\t\t<div class=\"elementor-container elementor-column-gap-default\">\n\t\t\t\t\t\t\t<div class=\"elementor-row\">\n\t\t\t\t\t<div class=\"elementor-column elementor-col-100 elementor-top-column elementor-element elementor-element-2e158fb\" data-id=\"2e158fb\" data-element_type=\"column\">\n\t\t\t<div class=\"elementor-column-wrap elementor-element-populated\">\n\t\t\t\t\t\t\t<div class=\"elementor-widget-wrap\">\n\t\t\t\t\t\t<div class=\"elementor-element elementor-element-dcdfe86 elementor-widget elementor-widget-text-editor\" data-id=\"dcdfe86\" data-element_type=\"widget\" data-widget_type=\"text-editor.default\">\n\t\t\t\t<div class=\"elementor-widget-container\">\n\t\t\t\t\t\t\t\t<div class=\"elementor-text-editor elementor-clearfix\">\n\t\t\t\t<p>Le SICSAL,\u00a0<span style=\"color: var( --e-global-color-text ); font-family: var( --e-global-typography-text-font-family ), Sans-serif; font-weight: var( --e-global-typography-text-font-weight ); letter-spacing: 0px;\">Syndicat Intercommunal du Canton de St Alban Leysse, regroupe les communes de Barby, Bassens, Curienne, St Alban Leysse, St Jean d&rsquo;Arvey, Thoiry, Verel Pragondran, La Thuile a \u00e9t\u00e9 cr\u00e9\u00e9 en 2002 pour exercer des comp\u00e9tences dans le domaine de l&rsquo;action sociale et de l&rsquo;animation socio-culturelle et sportive.<\/span><\/p><p>Trois commissions se r\u00e9partissent les comp\u00e9tences :<\/p><ol><li>La commission enfance jeunesse qui propose et organise tout ce qui tourne autour des loisirs des enfants et des jeunes de 3 \u00e0 11 ans ;<\/li><li>La commission animation sociale qui g\u00e8re le Relais Assistante Maternelle, apporte son concours \u00e0 des actions nationales de solidarit\u00e9 et de coop\u00e9ration d\u00e9centralis\u00e9e ;<\/li><li>La commission culture et sports qui apporte son soutien aux actions intercommunales en faveur du patrimoine rural, aux actions intercommunales en faveur d&rsquo;activit\u00e9s physiques et sportives dans le canton ainsi qu&rsquo;\u00e0 l&rsquo;\u00e9cole de musique intercommunale.<\/li><\/ol>\t\t\t\t\t<\/div>\n\t\t\t\t\t\t<\/div>\n\t\t\t\t<\/div>\n\t\t\t\t<div class=\"elementor-element elementor-element-c794982 elementor-widget elementor-widget-heading\" data-id=\"c794982\" data-element_type=\"widget\" data-widget_type=\"heading.default\">\n\t\t\t\t<div class=\"elementor-widget-container\">\n\t\t\t<h2 class=\"elementor-heading-title elementor-size-default\">Informations lors des permanences<\/h2>\t\t<\/div>\n\t\t\t\t<\/div>\n\t\t\t\t<div class=\"elementor-element elementor-element-9783df9 elementor-widget elementor-widget-text-editor\" data-id=\"9783df9\" data-element_type=\"widget\" data-widget_type=\"text-editor.default\">\n\t\t\t\t<div class=\"elementor-widget-container\">\n\t\t\t\t\t\t\t\t<div class=\"elementor-text-editor elementor-clearfix\">\n\t\t\t\t<ul><li>Les mardis et jeudis de 16h \u00e0 18h<\/li><li>Le mercredi de 17h \u00e0 18h30 (hors vacances scolaires)<\/li><li>Du lundi au vendredi de 17h \u00e0 18h30 lors des vacances scolaires<\/li><\/ul><p>Pour toutes informations compl\u00e9mentaires (programme des animations, s\u00e9jours, <br \/>stages, vacances&#8230;), rendez-vous sur le portail famille du Sicsal ou sur notre page <br \/>Facebook.<\/p>\t\t\t\t\t<\/div>\n\t\t\t\t\t\t<\/div>\n\t\t\t\t<\/div>\n\t\t\t\t<div class=\"elementor-element elementor-element-614bd43 elementor-widget elementor-widget-heading\" data-id=\"614bd43\" data-element_type=\"widget\" data-widget_type=\"heading.default\">\n\t\t\t\t<div class=\"elementor-widget-container\">\n\t\t\t<h2 class=\"elementor-heading-title elementor-size-default\">Documents \u00e0 fournir \u00e0 l'inscription<\/h2>\t\t<\/div>\n\t\t\t\t<\/div>\n\t\t\t\t<div class=\"elementor-element elementor-element-fb55e4c elementor-widget elementor-widget-text-editor\" data-id=\"fb55e4c\" data-element_type=\"widget\" data-widget_type=\"text-editor.default\">\n\t\t\t\t<div class=\"elementor-widget-container\">\n\t\t\t\t\t\t\t\t<div class=\"elementor-text-editor elementor-clearfix\">\n\t\t\t\t<ul><li>Le dossier d\u2019adh\u00e9sion annuel compl\u00e9t\u00e9 \u00e0 t\u00e9l\u00e9charger sur le portail famille \u00ab <a href=\"https:\/\/sicsal.portail-familles.app\/\">sicsal.portail-familles.app<\/a> \u00bb ou \u00e0 retirer sur le centre de loisirs lors des perm\u00e9ances de renseignements<\/li><li>Attestation Caf ou Msa de l\u2019ann\u00e9e en cours ou dernier avis d\u2019imposition<\/li><li>Carnet de vaccination (photocopie des vaccins)<\/li><li>Justificatif de domicile de moins de 3 mois<\/li><li>Une copie de votre livret de famille (Parents et enfant(s))<\/li><\/ul><p>Vous pouvez :<\/p><ul><li>Envoyer le dossier par email \u00e0 <strong>albarby@sicsal.fr<\/strong><\/li><li>Ou venir lors des permanences d\u2019information<\/li><\/ul>\t\t\t\t\t<\/div>\n\t\t\t\t\t\t<\/div>\n\t\t\t\t<\/div>\n\t\t\t\t<div class=\"elementor-element elementor-element-9325106 elementor-widget elementor-widget-heading\" data-id=\"9325106\" data-element_type=\"widget\" data-widget_type=\"heading.default\">\n\t\t\t\t<div class=\"elementor-widget-container\">\n\t\t\t<h2 class=\"elementor-heading-title elementor-size-default\">Activ' Jeunes<\/h2>\t\t<\/div>\n\t\t\t\t<\/div>\n\t\t\t\t<div class=\"elementor-element elementor-element-e31437a elementor-widget elementor-widget-text-editor\" data-id=\"e31437a\" data-element_type=\"widget\" data-widget_type=\"text-editor.default\">\n\t\t\t\t<div class=\"elementor-widget-container\">\n\t\t\t\t\t\t\t\t<div class=\"elementor-text-editor elementor-clearfix\">\n\t\t\t\t<p>L&rsquo;Espace Jeune, organis\u00e9 par le SICSAL, accueille les jeunes de 11 \u00e0 17 ans pendant les vacances scolaires et ponctuellement en p\u00e9riode scolaire, les mercredis, vendredis et samedis.<\/p><p><span style=\"letter-spacing: 0px;\">Nos animateurs accompagnent \u00e9galement les jeunes <\/span><b style=\"letter-spacing: 0px;\">dans les coll\u00e8ges du canton<\/b><span style=\"letter-spacing: 0px;\">, sur les pauses m\u00e9ridiennes, et les soutiennent dans leurs projets de <\/span><b style=\"letter-spacing: 0px;\">s\u00e9jours et sorties<\/b><span style=\"letter-spacing: 0px;\">. Chaque activit\u00e9 est pens\u00e9e pour favoriser <\/span><b style=\"letter-spacing: 0px;\">la rencontre, l\u2019\u00e9change et la d\u00e9couverte<\/b><span style=\"letter-spacing: 0px;\">.<\/span><\/p><p><strong>Contacts :<\/strong><\/p>\t\t\t\t\t<\/div>\n\t\t\t\t\t\t<\/div>\n\t\t\t\t<\/div>\n\t\t\t\t<div class=\"elementor-element elementor-element-6aa1a25 elementor-widget-tablet__width-inherit elementor-widget elementor-widget-ova_contact_info\" data-id=\"6aa1a25\" data-element_type=\"widget\" data-widget_type=\"ova_contact_info.default\">\n\t\t\t\t<div class=\"elementor-widget-container\">\n\t\t\t\t\t<div class=\"ova-contact-info type1\">\n\n\t\t\t<div class=\"icon\">\n\t\t\t\t<i class=\"fas fa-phone\"><\/i>\t\t\t<\/div>\n\n\t\t\t\t\t\t\t<div class=\"address\">\n\t\t\t\t\t\t\t\t\t\t\t\t\t\t\t<span class=\"text_link\"><a href='tel:+334 79 70 76 01'>T\u00e9l\u00e9phone : <span>04 79 70 76 01 (Maxime, R\u00e9f\u00e9rent Jeunesse et Am\u00e9lie, Animatrice Jeunesse)<\/span><\/a><\/span>\n\t\t\t\t<\/div>\n\t\t\t\t\t\t\n\t\t<\/div>\n\t\t\t\t<\/div>\n\t\t\t\t<\/div>\n\t\t\t\t<div class=\"elementor-element elementor-element-8828cd2 elementor-widget-tablet__width-inherit elementor-widget elementor-widget-ova_contact_info\" data-id=\"8828cd2\" data-element_type=\"widget\" data-widget_type=\"ova_contact_info.default\">\n\t\t\t\t<div class=\"elementor-widget-container\">\n\t\t\t\t\t<div class=\"ova-contact-info type1\">\n\n\t\t\t<div class=\"icon\">\n\t\t\t\t<i class=\"fas fa-envelope\"><\/i>\t\t\t<\/div>\n\n\t\t\t\t\t\t\t<div class=\"address\">\n\t\t\t\t\t\t\t\t\t\t\t\t\t\t\t<span class=\"text_link\"><a href='mailto:activjeunes@sicsal.fr'>Email : <span>activjeunes@sicsal.fr<\/span><\/a><\/span>\n\t\t\t\t<\/div>\n\t\t\t\t\t\t\n\t\t<\/div>\n\t\t\t\t<\/div>\n\t\t\t\t<\/div>\n\t\t\t\t<div class=\"elementor-element elementor-element-6e2531d elementor-widget elementor-widget-text-editor\" data-id=\"6e2531d\" data-element_type=\"widget\" data-widget_type=\"text-editor.default\">\n\t\t\t\t<div class=\"elementor-widget-container\">\n\t\t\t\t\t\t\t\t<div class=\"elementor-text-editor elementor-clearfix\">\n\t\t\t\t<p><strong>Suivez-nous<\/strong> : Facebook et Instagram : <strong>Activ\u2019jeunes SICSAL<\/strong><\/p><p><strong>O\u00f9 nous rencontrer :<\/strong><\/p><ul><li>Pendant les vacances scolaires : <strong>Local jeunesse 5 rue des \u00e9coles 73000 Bassens<\/strong><\/li><li>Hors vacances scolaires : <strong>Bureau jeunesse Place du commerce 73230 Saint Alban Leysse<\/strong><\/li><\/ul><p>Permanence les mardis et jeudis sur rendez-vous de 16h \u00e0 18h<\/p>\t\t\t\t\t<\/div>\n\t\t\t\t\t\t<\/div>\n\t\t\t\t<\/div>\n\t\t\t\t<div class=\"elementor-element elementor-element-7ef2211 elementor-widget elementor-widget-heading\" data-id=\"7ef2211\" data-element_type=\"widget\" data-widget_type=\"heading.default\">\n\t\t\t\t<div class=\"elementor-widget-container\">\n\t\t\t<h2 class=\"elementor-heading-title elementor-size-default\">Le centre de loisirs \"Les Mouettes\"<\/h2>\t\t<\/div>\n\t\t\t\t<\/div>\n\t\t\t\t<div class=\"elementor-element elementor-element-635621a elementor-widget elementor-widget-text-editor\" data-id=\"635621a\" data-element_type=\"widget\" data-widget_type=\"text-editor.default\">\n\t\t\t\t<div class=\"elementor-widget-container\">\n\t\t\t\t\t\t\t\t<div class=\"elementor-text-editor elementor-clearfix\">\n\t\t\t\t<p>G\u00e9r\u00e9 par le SICSAL, le Centre de Loisirs \u00ab Les Mouettes \u00bb accueille les enfants de 3 \u00e0 11 ans.<\/p><p>Il accueille les enfants de 3 ans (scolaris\u00e9s) \u00e0 11 ans :<\/p><ul><li>Les mercredis de <strong>7h30<\/strong> \u00e0 <strong>18h30<\/strong><\/li><li>Pendant les vacances scolaires de <strong>7h30<\/strong> \u00e0 <strong>18h30<\/strong><\/li><\/ul><p>Adresse :<\/p><p><strong>Impasse des Moutards<\/strong><br \/><strong>73230 Barby<\/strong><\/p><p><strong>Portail famille<\/strong> : <a href=\"http:\/\/www.sicsal.portail-familles.app\">www.sicsal.portail-familles.app<\/a><\/p><p><strong>Suivez-nous<\/strong> : Facebook et Instagram : <strong>SICSAL<\/strong><\/p>\t\t\t\t\t<\/div>\n\t\t\t\t\t\t<\/div>\n\t\t\t\t<\/div>\n\t\t\t\t<div class=\"elementor-element elementor-element-b7c3b12 elementor-widget-tablet__width-inherit elementor-widget elementor-widget-ova_contact_info\" data-id=\"b7c3b12\" data-element_type=\"widget\" data-widget_type=\"ova_contact_info.default\">\n\t\t\t\t<div class=\"elementor-widget-container\">\n\t\t\t\t\t<div class=\"ova-contact-info type1\">\n\n\t\t\t<div class=\"icon\">\n\t\t\t\t<i class=\"fas fa-phone\"><\/i>\t\t\t<\/div>\n\n\t\t\t\t\t\t\t<div class=\"address\">\n\t\t\t\t\t\t\t\t\t\t\t\t\t\t\t<span class=\"text_link\"><a href='tel:+334 79 70 76 01'>T\u00e9l\u00e9phone : <span>04 79 70 76 01<\/span><\/a><\/span>\n\t\t\t\t<\/div>\n\t\t\t\t\t\t\n\t\t<\/div>\n\t\t\t\t<\/div>\n\t\t\t\t<\/div>\n\t\t\t\t<div class=\"elementor-element elementor-element-7710ad4 elementor-widget-tablet__width-inherit elementor-widget elementor-widget-ova_contact_info\" data-id=\"7710ad4\" data-element_type=\"widget\" data-widget_type=\"ova_contact_info.default\">\n\t\t\t\t<div class=\"elementor-widget-container\">\n\t\t\t\t\t<div class=\"ova-contact-info type1\">\n\n\t\t\t<div class=\"icon\">\n\t\t\t\t<i class=\"fas fa-envelope\"><\/i>\t\t\t<\/div>\n\n\t\t\t\t\t\t\t<div class=\"address\">\n\t\t\t\t\t\t\t\t\t\t\t\t\t\t\t<span class=\"text_link\"><a href='mailto:albarby@sicsal.fr'>Email : <span>albarby@sicsal.fr<\/span><\/a><\/span>\n\t\t\t\t<\/div>\n\t\t\t\t\t\t\n\t\t<\/div>\n\t\t\t\t<\/div>\n\t\t\t\t<\/div>\n\t\t\t\t<div class=\"elementor-element elementor-element-8036401 elementor-widget elementor-widget-heading\" data-id=\"8036401\" data-element_type=\"widget\" data-widget_type=\"heading.default\">\n\t\t\t\t<div class=\"elementor-widget-container\">\n\t\t\t<h2 class=\"elementor-heading-title elementor-size-default\">Le centre de loisirs \"Les Marmottes\"<\/h2>\t\t<\/div>\n\t\t\t\t<\/div>\n\t\t\t\t<div class=\"elementor-element elementor-element-42eeae9 elementor-widget elementor-widget-text-editor\" data-id=\"42eeae9\" data-element_type=\"widget\" data-widget_type=\"text-editor.default\">\n\t\t\t\t<div class=\"elementor-widget-container\">\n\t\t\t\t\t\t\t\t<div class=\"elementor-text-editor elementor-clearfix\">\n\t\t\t\t<p><span data-olk-copy-source=\"MessageBody\">Le centre de loisirs \u00ab Les Marmottes \u00bb de Curienne est ferm\u00e9 depuis 2023.<\/span><\/p><p>Adresse :<\/p><p><strong>ALSH Les Marmottes<\/strong><br \/><strong>Animation 4-11 ans<\/strong><br \/><strong>73230 CURIENNE<\/strong><\/p>\t\t\t\t\t<\/div>\n\t\t\t\t\t\t<\/div>\n\t\t\t\t<\/div>\n\t\t\t\t<div class=\"elementor-element elementor-element-ece5b4c elementor-widget-tablet__width-inherit elementor-widget elementor-widget-ova_contact_info\" data-id=\"ece5b4c\" data-element_type=\"widget\" data-widget_type=\"ova_contact_info.default\">\n\t\t\t\t<div class=\"elementor-widget-container\">\n\t\t\t\t\t<div class=\"ova-contact-info type1\">\n\n\t\t\t<div class=\"icon\">\n\t\t\t\t<i class=\"fas fa-envelope\"><\/i>\t\t\t<\/div>\n\n\t\t\t\t\t\t\t<div class=\"address\">\n\t\t\t\t\t\t\t\t\t\t\t\t\t\t\t<span class=\"text_link\"><a href='mailto:alplateau-leysse@sicsal.fr'>Email : <span>alplateau-leysse@sicsal.fr<\/span><\/a><\/span>\n\t\t\t\t<\/div>\n\t\t\t\t\t\t\n\t\t<\/div>\n\t\t\t\t<\/div>\n\t\t\t\t<\/div>\n\t\t\t\t<div class=\"elementor-element elementor-element-9b5ec3f elementor-widget elementor-widget-heading\" data-id=\"9b5ec3f\" data-element_type=\"widget\" data-widget_type=\"heading.default\">\n\t\t\t\t<div class=\"elementor-widget-container\">\n\t\t\t<h2 class=\"elementor-heading-title elementor-size-default\">Contacter le SICSAL<\/h2>\t\t<\/div>\n\t\t\t\t<\/div>\n\t\t\t\t<div class=\"elementor-element elementor-element-f042837 elementor-widget elementor-widget-text-editor\" data-id=\"f042837\" data-element_type=\"widget\" data-widget_type=\"text-editor.default\">\n\t\t\t\t<div class=\"elementor-widget-container\">\n\t\t\t\t\t\t\t\t<div class=\"elementor-text-editor elementor-clearfix\">\n\t\t\t\t<p>Directeur\u00a0: <strong>Olivier Gen\u00e8ve<\/strong><\/p><p>Adresse :<\/p><p><strong>Syndicat Intercommunal du Canton de Saint Alban Leysse<\/strong><br \/><strong>Centre de culture et de loisirs<\/strong><br \/><strong>120 avenue de la mairie<\/strong><br \/><strong>73230 SAINT ALBAN LEYSSE<\/strong><\/p>\t\t\t\t\t<\/div>\n\t\t\t\t\t\t<\/div>\n\t\t\t\t<\/div>\n\t\t\t\t<div class=\"elementor-element elementor-element-29ffb0f elementor-widget-tablet__width-inherit elementor-widget elementor-widget-ova_contact_info\" data-id=\"29ffb0f\" data-element_type=\"widget\" data-widget_type=\"ova_contact_info.default\">\n\t\t\t\t<div class=\"elementor-widget-container\">\n\t\t\t\t\t<div class=\"ova-contact-info type1\">\n\n\t\t\t<div class=\"icon\">\n\t\t\t\t<i class=\"fas fa-phone\"><\/i>\t\t\t<\/div>\n\n\t\t\t\t\t\t\t<div class=\"address\">\n\t\t\t\t\t\t\t\t\t\t\t\t\t\t\t<span class=\"text_link\"><a href='tel:+334 79 70 76 01'>T\u00e9l\u00e9phone : <span>04 79 70 76 01<\/span><\/a><\/span>\n\t\t\t\t<\/div>\n\t\t\t\t\t\t\n\t\t<\/div>\n\t\t\t\t<\/div>\n\t\t\t\t<\/div>\n\t\t\t\t<div class=\"elementor-element elementor-element-47f2b34 elementor-widget-tablet__width-inherit elementor-widget elementor-widget-ova_contact_info\" data-id=\"47f2b34\" data-element_type=\"widget\" data-widget_type=\"ova_contact_info.default\">\n\t\t\t\t<div class=\"elementor-widget-container\">\n\t\t\t\t\t<div class=\"ova-contact-info type1\">\n\n\t\t\t<div class=\"icon\">\n\t\t\t\t<i class=\"fas fa-envelope\"><\/i>\t\t\t<\/div>\n\n\t\t\t\t\t\t\t<div class=\"address\">\n\t\t\t\t\t\t\t\t\t\t\t\t\t\t\t<span class=\"text_link\"><a href='mailto:sicsal.adg@sicsal.fr'>Email : <span>sicsal.adg@sicsal.fr<\/span><\/a><\/span>\n\t\t\t\t<\/div>\n\t\t\t\t\t\t\n\t\t<\/div>\n\t\t\t\t<\/div>\n\t\t\t\t<\/div>\n\t\t\t\t<div class=\"elementor-element elementor-element-b1cd8e9 elementor-widget elementor-widget-text-editor\" data-id=\"b1cd8e9\" data-element_type=\"widget\" data-widget_type=\"text-editor.default\">\n\t\t\t\t<div class=\"elementor-widget-container\">\n\t\t\t\t\t\t\t\t<div class=\"elementor-text-editor elementor-clearfix\">\n\t\t\t\t<p>Retrouvez toutes les informations et actualit\u00e9s concernant le SICSAL sur :<\/p><ul><li data-wpview-marker=\"https%3A%2F%2Fsicsal.portail-familles.app%2F\"><a href=\"https:\/\/sicsal.portail-familles.app\/\">https:\/\/sicsal.portail-familles.app\/<\/a><\/li><li><span style=\"color: var( --e-global-color-text ); font-family: var( --e-global-typography-text-font-family ), Sans-serif; font-weight: var( --e-global-typography-text-font-weight ); letter-spacing: 0px;\"><a href=\"https:\/\/sicsal.portail-familles.net\/\">https:\/\/sicsal.portail-familles.net\/<\/a><\/span><\/li><li><a href=\"https:\/\/www.facebook.com\/Sicsal-Centres-de-Loisirs-171169213321923\/\">https:\/\/www.facebook.com\/Sicsal-Centres-de-Loisirs-171169213321923\/<\/a><\/li><li><a href=\"https:\/\/mairie-curienne.fr\/wp-content\/uploads\/2020\/07\/Flyer_ACTIV_JEUNES.pdf\">Informations Activ Jeunes<\/a><\/li><\/ul>\t\t\t\t\t<\/div>\n\t\t\t\t\t\t<\/div>\n\t\t\t\t<\/div>\n\t\t\t\t\t\t<\/div>\n\t\t\t\t\t<\/div>\n\t\t<\/div>\n\t\t\t\t\t\t\t\t<\/div>\n\t\t\t\t\t<\/div>\n\t\t<\/section>\n\t\t\t\t\t\t\t\t\t<\/div>\n\t\t\t<\/div>\n\t\t\t\t\t<\/div>\n\t\t","protected":false},"excerpt":{"rendered":"<p>Le SICSAL,\u00a0Syndicat Intercommunal du Canton de St Alban Leysse, regroupe les communes de Barby, Bassens, Curienne, St Alban Leysse, St Jean d&rsquo;Arvey, Thoiry, Verel Pragondran, La Thuile a \u00e9t\u00e9 cr\u00e9\u00e9 en 2002 pour exercer des comp\u00e9tences dans le domaine de l&rsquo;action sociale et de l&rsquo;animation socio-culturelle et sportive. Trois commissions se r\u00e9partissent les comp\u00e9tences : [&hellip;]<\/p>\n","protected":false},"author":2,"featured_media":0,"parent":0,"menu_order":0,"comment_status":"closed","ping_status":"closed","template":"","meta":[],"_links":{"self":[{"href":"https:\/\/mairie-curienne.fr\/index.php\/wp-json\/wp\/v2\/pages\/3381"}],"collection":[{"href":"https:\/\/mairie-curienne.fr\/index.php\/wp-json\/wp\/v2\/pages"}],"about":[{"href":"https:\/\/mairie-curienne.fr\/index.php\/wp-json\/wp\/v2\/types\/page"}],"author":[{"embeddable":true,"href":"https:\/\/mairie-curienne.fr\/index.php\/wp-json\/wp\/v2\/users\/2"}],"replies":[{"embeddable":true,"href":"https:\/\/mairie-curienne.fr\/index.php\/wp-json\/wp\/v2\/comments?post=3381"}],"version-history":[{"count":90,"href":"https:\/\/mairie-curienne.fr\/index.php\/wp-json\/wp\/v2\/pages\/3381\/revisions"}],"predecessor-version":[{"id":8566,"href":"https:\/\/mairie-curienne.fr\/index.php\/wp-json\/wp\/v2\/pages\/3381\/revisions\/8566"}],"wp:attachment":[{"href":"https:\/\/mairie-curienne.fr\/index.php\/wp-json\/wp\/v2\/media?parent=3381"}],"curies":[{"name":"wp","href":"https:\/\/api.w.org\/{rel}","templated":true}]}}